{"id":15597,"date":"2025-12-08T16:08:30","date_gmt":"2025-12-08T16:08:30","guid":{"rendered":"https:\/\/assoumi.subli.ma\/?post_type=product&#038;p=15597"},"modified":"2025-12-09T16:28:12","modified_gmt":"2025-12-09T16:28:12","slug":"mug-blanc-sublimation","status":"publish","type":"product","link":"https:\/\/assoumi.subli.ma\/?product=mug-blanc-sublimation","title":{"rendered":"Mug Blanc Class AAA"},"content":{"rendered":"<div class=\"titreCaract\"><strong>Condition(s) de pose :<\/strong><\/div>\n<div class=\"titreCaract\"><img  width=\"470\" height=\"1\" \/ class=\"lws-optimize-lazyload\" data-src=\"https:\/\/www.promattex.com\/utilitaire\/images\/barre.jpg\"><\/div>\n<div class=\"texteCaract\">Temp\u00e9rature : 180\u00b0C<br \/>\nTemps : 180 secondes<br \/>\nPression : 5 (moyenne)* Utilisez la r\u00e9sistance n\u00b03 (Standard 11 oz)<br \/>\n* Trempez le mug dans l&rsquo;eau apr\u00e8s le marquage<\/div>\n","protected":false},"excerpt":{"rendered":"<ul>\n<li>En c\u00e9ramique &#8211; 11 oz &#8211; 325 ml<\/li>\n<li>Support id\u00e9al pour la communication des entreprises ou \u00e0 offrir en cadeau personnalis\u00e9 Simple d\u2019utilisation, les tasses blanches sont imprimables en sublimation ou en transfert laser sur les presses \u00e0 Mugs de \u00ab\u00a0Subli.ma\u00a0\u00bb ou avec une r\u00e9sistance standard pour mug<\/li>\n<li>Entretien: Lavable au lave-vaisselle Le marquage r\u00e9siste au four micro-ondes<\/li>\n<li>Caract\u00e9ristique(s) : &#8211; Hauteur : 9,5 cm &#8211; Diam\u00e8tre : 8 cm &#8211; Contenance : 325 ml &#8211; 11 oz<\/li>\n<\/ul>\n","protected":false},"featured_media":15604,"comment_status":"open","ping_status":"closed","template":"","meta":[],"product_brand":[],"product_cat":[71],"product_tag":[72],"class_list":{"0":"post-15597","1":"product","2":"type-product","3":"status-publish","4":"has-post-thumbnail","6":"product_cat-mug","7":"product_tag-mug-sublimation","9":"first","10":"instock","11":"shipping-taxable","12":"purchasable","13":"product-type-simple"},"_links":{"self":[{"href":"https:\/\/assoumi.subli.ma\/index.php?rest_route=\/wp\/v2\/product\/15597","targetHints":{"allow":["GET"]}}],"collection":[{"href":"https:\/\/assoumi.subli.ma\/index.php?rest_route=\/wp\/v2\/product"}],"about":[{"href":"https:\/\/assoumi.subli.ma\/index.php?rest_route=\/wp\/v2\/types\/product"}],"replies":[{"embeddable":true,"href":"https:\/\/assoumi.subli.ma\/index.php?rest_route=%2Fwp%2Fv2%2Fcomments&post=15597"}],"version-history":[{"count":8,"href":"https:\/\/assoumi.subli.ma\/index.php?rest_route=\/wp\/v2\/product\/15597\/revisions"}],"predecessor-version":[{"id":15634,"href":"https:\/\/assoumi.subli.ma\/index.php?rest_route=\/wp\/v2\/product\/15597\/revisions\/15634"}],"wp:featuredmedia":[{"embeddable":true,"href":"https:\/\/assoumi.subli.ma\/index.php?rest_route=\/wp\/v2\/media\/15604"}],"wp:attachment":[{"href":"https:\/\/assoumi.subli.ma\/index.php?rest_route=%2Fwp%2Fv2%2Fmedia&parent=15597"}],"wp:term":[{"taxonomy":"product_brand","embeddable":true,"href":"https:\/\/assoumi.subli.ma\/index.php?rest_route=%2Fwp%2Fv2%2Fproduct_brand&post=15597"},{"taxonomy":"product_cat","embeddable":true,"href":"https:\/\/assoumi.subli.ma\/index.php?rest_route=%2Fwp%2Fv2%2Fproduct_cat&post=15597"},{"taxonomy":"product_tag","embeddable":true,"href":"https:\/\/assoumi.subli.ma\/index.php?rest_route=%2Fwp%2Fv2%2Fproduct_tag&post=15597"}],"curies":[{"name":"wp","href":"https:\/\/api.w.org\/{rel}","templated":true}]}}