{"id":15635,"date":"2025-12-09T16:30:58","date_gmt":"2025-12-09T16:30:58","guid":{"rendered":"https:\/\/assoumi.subli.ma\/?post_type=product&#038;p=15635"},"modified":"2025-12-09T16:33:28","modified_gmt":"2025-12-09T16:33:28","slug":"mug-blanc-sublimation-avec-anse-coeur","status":"publish","type":"product","link":"https:\/\/assoumi.subli.ma\/?product=mug-blanc-sublimation-avec-anse-coeur","title":{"rendered":"Mug Blanc Sublimation avec anse c\u0153ur"},"content":{"rendered":"<h3>Mug Blanc Sublimation avec anse c\u0153ur<\/h3>\n<p>Une tasse avec une anse en forme de c\u0153ur, enduite d\u2019une couche de polyester, pour l\u2019impression par sublimation.<\/p>\n<p>Le mug est l\u2019objet id\u00e9al \u00e0 personnaliser. A la fois utile et pratique, vous n\u2019avez plus qu\u2019\u00e0 choisir le message, la photo ou le logo de votre choix \u00e0 sublimer.<\/p>\n<p>Cet objet tendance vous permettra de vous d\u00e9marquer en apportant une touche d\u2019originalit\u00e9 gr\u00e2ce \u00e0 son c\u00f4t\u00e9 bicolore.<\/p>\n<p>Ces tasses pour sublimation sont id\u00e9ales pour les cadeaux personnalis\u00e9s ou comme articles promotionnels. Vous pourrez ainsi cr\u00e9er :<br \/>\n\u2013 Des superbes tasses avec photo aux couleurs vibrantes<br \/>\n\u2013 Des articles promotionnels, ou des tasses pour une marque<br \/>\n\u2013 Des tasses pour toute entreprise, organisation, \u00e9quipe sportive<br \/>\n\u2013 Des tasses personnalis\u00e9es pour les anniversaires<\/p>\n<p><strong>NB<\/strong>\u00a0: Ce Mug Blanc Sublimation avec anse c\u0153ur 330ml passe au lave-vaisselle<\/p>\n<p><strong>L\u2019Astuce Subli.ma :<\/strong>\u00a0pour am\u00e9liorer la qualit\u00e9 de votre travail, pensez \u00e0 utiliser une feuille de t\u00e9flon et du scotch haute temp\u00e9rature. Nous vous conseillons de presser votre mug durant 180 secondes entre 180\u00b0C et 200\u00b0C avec une pression moyenne.<\/p>\n<p>Avant de lancer une production compl\u00e8te, r\u00e9alisez toujours quelques essais, de fa\u00e7on \u00e0 trouver le parfait \u00e9quilibre entre votre pression, le temps de chauffe et la temp\u00e9rature.<\/p>\n","protected":false},"excerpt":{"rendered":"<ul>\n<li>Diam\u00e8tre ext\u00e9rieur: 81 mm<\/li>\n<li>Diam\u00e8tre int\u00e9rieur: 74 mm<\/li>\n<li>Hauteur: 97 mm<\/li>\n<li>Capacit\u00e9 utile: 11oz = 325ml<\/li>\n<li>Capacit\u00e9 totale: 360 ml<\/li>\n<li>Poids net: 700 g (350g\/tasse)<\/li>\n<li>Poign\u00e9e: Hauteur 68 mm x largeur 46 mm<\/li>\n<li>Surface imprimable: 95 x 240 mm<\/li>\n<li>R\u00e9sistance compatible: 11 oz<\/li>\n<\/ul>\n","protected":false},"featured_media":15636,"comment_status":"open","ping_status":"closed","template":"","meta":[],"product_brand":[],"product_cat":[71],"product_tag":[],"class_list":{"0":"post-15635","1":"product","2":"type-product","3":"status-publish","4":"has-post-thumbnail","6":"product_cat-mug","8":"first","9":"instock","10":"shipping-taxable","11":"purchasable","12":"product-type-simple"},"_links":{"self":[{"href":"https:\/\/assoumi.subli.ma\/index.php?rest_route=\/wp\/v2\/product\/15635","targetHints":{"allow":["GET"]}}],"collection":[{"href":"https:\/\/assoumi.subli.ma\/index.php?rest_route=\/wp\/v2\/product"}],"about":[{"href":"https:\/\/assoumi.subli.ma\/index.php?rest_route=\/wp\/v2\/types\/product"}],"replies":[{"embeddable":true,"href":"https:\/\/assoumi.subli.ma\/index.php?rest_route=%2Fwp%2Fv2%2Fcomments&post=15635"}],"version-history":[{"count":2,"href":"https:\/\/assoumi.subli.ma\/index.php?rest_route=\/wp\/v2\/product\/15635\/revisions"}],"predecessor-version":[{"id":15638,"href":"https:\/\/assoumi.subli.ma\/index.php?rest_route=\/wp\/v2\/product\/15635\/revisions\/15638"}],"wp:featuredmedia":[{"embeddable":true,"href":"https:\/\/assoumi.subli.ma\/index.php?rest_route=\/wp\/v2\/media\/15636"}],"wp:attachment":[{"href":"https:\/\/assoumi.subli.ma\/index.php?rest_route=%2Fwp%2Fv2%2Fmedia&parent=15635"}],"wp:term":[{"taxonomy":"product_brand","embeddable":true,"href":"https:\/\/assoumi.subli.ma\/index.php?rest_route=%2Fwp%2Fv2%2Fproduct_brand&post=15635"},{"taxonomy":"product_cat","embeddable":true,"href":"https:\/\/assoumi.subli.ma\/index.php?rest_route=%2Fwp%2Fv2%2Fproduct_cat&post=15635"},{"taxonomy":"product_tag","embeddable":true,"href":"https:\/\/assoumi.subli.ma\/index.php?rest_route=%2Fwp%2Fv2%2Fproduct_tag&post=15635"}],"curies":[{"name":"wp","href":"https:\/\/api.w.org\/{rel}","templated":true}]}}