{"id":15778,"date":"2025-12-10T14:26:24","date_gmt":"2025-12-10T14:26:24","guid":{"rendered":"https:\/\/assoumi.subli.ma\/?post_type=product&#038;p=15778"},"modified":"2025-12-10T14:26:55","modified_gmt":"2025-12-10T14:26:55","slug":"papier-de-transfert-sublimation-a4-dos-rose-quaff","status":"publish","type":"product","link":"https:\/\/assoumi.subli.ma\/?product=papier-de-transfert-sublimation-a4-dos-rose-quaff","title":{"rendered":"Papier de transfert sublimation A4 dos rose Quaff"},"content":{"rendered":"<p><strong>Papier de transfert sublimation A4 dos rose Quaff<\/strong><\/p>\n<p>Ce papier vous permettra de r\u00e9aliser tous types de cr\u00e9ations sur tee-shirts polyester, mugs, puzzles, coques iphone, casquettes, c\u00e9ramiques, porte-cl\u00e9s et bien plus encore \u2026<\/p>\n<p>Papier de transfert sublimation A4 dos rose Quaff\u00a0 b\u00e9n\u00e9ficie d\u2019un excellent rapport qualit\u00e9 prix, d\u2019un bon niveau de blancheur et d\u2019une excellente stabilit\u00e9. Le temps de s\u00e9chage est court, et le rendu des couleurs parfait !<\/p>\n<p>&nbsp;<\/p>\n<p><strong>L\u2019Astuce\u00a0<em>Subli.ma<\/em>\u00a0:<\/strong>\u00a0pensez \u00e0 maintenir votre transfert sur l\u2019objet \u00e0 sublimer \u00e0 l\u2019aide du scotch haute temp\u00e9rature.<\/p>\n","protected":false},"excerpt":{"rendered":"<ul>\n<li>Papier transfert pour sublimation professionnel rose<\/li>\n<li>Format : 100 Feuilles\u00a0<strong>A4<\/strong><\/li>\n<li>Excellent taux d\u2019absorption de l\u2019encre<\/li>\n<li>Marque : Quaff<\/li>\n<\/ul>\n","protected":false},"featured_media":15779,"comment_status":"open","ping_status":"closed","template":"","meta":[],"product_brand":[],"product_cat":[20],"product_tag":[],"class_list":{"0":"post-15778","1":"product","2":"type-product","3":"status-publish","4":"has-post-thumbnail","6":"product_cat-accessories","8":"first","9":"instock","10":"shipping-taxable","11":"purchasable","12":"product-type-simple"},"_links":{"self":[{"href":"https:\/\/assoumi.subli.ma\/index.php?rest_route=\/wp\/v2\/product\/15778","targetHints":{"allow":["GET"]}}],"collection":[{"href":"https:\/\/assoumi.subli.ma\/index.php?rest_route=\/wp\/v2\/product"}],"about":[{"href":"https:\/\/assoumi.subli.ma\/index.php?rest_route=\/wp\/v2\/types\/product"}],"replies":[{"embeddable":true,"href":"https:\/\/assoumi.subli.ma\/index.php?rest_route=%2Fwp%2Fv2%2Fcomments&post=15778"}],"version-history":[{"count":1,"href":"https:\/\/assoumi.subli.ma\/index.php?rest_route=\/wp\/v2\/product\/15778\/revisions"}],"predecessor-version":[{"id":15783,"href":"https:\/\/assoumi.subli.ma\/index.php?rest_route=\/wp\/v2\/product\/15778\/revisions\/15783"}],"wp:featuredmedia":[{"embeddable":true,"href":"https:\/\/assoumi.subli.ma\/index.php?rest_route=\/wp\/v2\/media\/15779"}],"wp:attachment":[{"href":"https:\/\/assoumi.subli.ma\/index.php?rest_route=%2Fwp%2Fv2%2Fmedia&parent=15778"}],"wp:term":[{"taxonomy":"product_brand","embeddable":true,"href":"https:\/\/assoumi.subli.ma\/index.php?rest_route=%2Fwp%2Fv2%2Fproduct_brand&post=15778"},{"taxonomy":"product_cat","embeddable":true,"href":"https:\/\/assoumi.subli.ma\/index.php?rest_route=%2Fwp%2Fv2%2Fproduct_cat&post=15778"},{"taxonomy":"product_tag","embeddable":true,"href":"https:\/\/assoumi.subli.ma\/index.php?rest_route=%2Fwp%2Fv2%2Fproduct_tag&post=15778"}],"curies":[{"name":"wp","href":"https:\/\/api.w.org\/{rel}","templated":true}]}}